{"id":3172,"date":"2019-03-16T20:51:55","date_gmt":"2019-03-16T19:51:55","guid":{"rendered":"https:\/\/goya.everthemes.com\/demo-basic\/shop\/"},"modified":"2026-03-02T15:03:29","modified_gmt":"2026-03-02T14:03:29","slug":"shop-3","status":"publish","type":"page","link":"https:\/\/pictur-al-art.fr\/?page_id=3172","title":{"rendered":"Boutique"},"content":{"rendered":"\t\t<div data-elementor-type=\"wp-page\" data-elementor-id=\"3172\" class=\"elementor elementor-3172\" data-elementor-post-type=\"page\">\n\t\t\t\t<div class=\"elementor-element elementor-element-4dbd739 e-con-full e-flex e-con e-parent\" data-id=\"4dbd739\" data-element_type=\"container\" data-e-type=\"container\">\n\t\t\t\t<div class=\"elementor-element elementor-element-4999598 elementor-widget elementor-widget-image\" data-id=\"4999598\" data-element_type=\"widget\" data-e-type=\"widget\" data-widget_type=\"image.default\">\n\t\t\t\t<div class=\"elementor-widget-container\">\n\t\t\t\t\t\t\t\t\t\t\t\t\t\t\t<img fetchpriority=\"high\" decoding=\"async\" width=\"1920\" height=\"680\" src=\"https:\/\/pictur-al-art.fr\/wp-content\/uploads\/2024\/08\/Tetiere-1920x680-3.jpg\" class=\"attachment-full size-full wp-image-4710\" alt=\"\" \/>\t\t\t\t\t\t\t\t\t\t\t\t\t\t\t<\/div>\n\t\t\t\t<\/div>\n\t\t\t\t<\/div>\n\t\t<div class=\"elementor-element elementor-element-8c0b617 e-flex e-con-boxed e-con e-parent\" data-id=\"8c0b617\" data-element_type=\"container\" data-e-type=\"container\">\n\t\t\t\t\t<div class=\"e-con-inner\">\n\t\t\t\t<div class=\"elementor-element elementor-element-ab33351 elementor-widget elementor-widget-spacer\" data-id=\"ab33351\" data-element_type=\"widget\" data-e-type=\"widget\" data-widget_type=\"spacer.default\">\n\t\t\t\t<div class=\"elementor-widget-container\">\n\t\t\t\t\t\t\t<div class=\"elementor-spacer\">\n\t\t\t<div class=\"elementor-spacer-inner\"><\/div>\n\t\t<\/div>\n\t\t\t\t\t\t<\/div>\n\t\t\t\t<\/div>\n\t\t\t\t\t<\/div>\n\t\t\t\t<\/div>\n\t\t<div class=\"elementor-element elementor-element-8b0475e e-flex e-con-boxed e-con e-parent\" data-id=\"8b0475e\" data-element_type=\"container\" data-e-type=\"container\">\n\t\t\t\t\t<div class=\"e-con-inner\">\n\t\t\t\t<div class=\"elementor-element elementor-element-51a71ba elementor-widget elementor-widget-spacer\" data-id=\"51a71ba\" data-element_type=\"widget\" data-e-type=\"widget\" data-widget_type=\"spacer.default\">\n\t\t\t\t<div class=\"elementor-widget-container\">\n\t\t\t\t\t\t\t<div class=\"elementor-spacer\">\n\t\t\t<div class=\"elementor-spacer-inner\"><\/div>\n\t\t<\/div>\n\t\t\t\t\t\t<\/div>\n\t\t\t\t<\/div>\n\t\t\t\t\t<\/div>\n\t\t\t\t<\/div>\n\t\t<div class=\"elementor-element elementor-element-707be4d e-flex e-con-boxed e-con e-parent\" data-id=\"707be4d\" data-element_type=\"container\" data-e-type=\"container\">\n\t\t\t\t\t<div class=\"e-con-inner\">\n\t\t\t\t<div class=\"elementor-element elementor-element-0aa5488 elementor-grid-4 elementor-grid-tablet-3 elementor-grid-mobile-2 elementor-products-grid elementor-wc-products elementor-widget elementor-widget-wc-categories\" data-id=\"0aa5488\" data-element_type=\"widget\" data-e-type=\"widget\" data-widget_type=\"wc-categories.default\">\n\t\t\t\t<div class=\"elementor-widget-container\">\n\t\t\t\t\t<div class=\"woocommerce columns-4\"><ul class=\"products elementor-grid columns-4\">\n<li class=\"product-category product first\">\n\t<a aria-label=\"Acc\u00e9der \u00e0 la cat\u00e9gorie de produits Oeuvre originale\" href=\"https:\/\/pictur-al-art.fr\/?product_cat=oeuvre-originale\"><img decoding=\"async\" src=\"https:\/\/pictur-al-art.fr\/wp-content\/uploads\/2024\/08\/Categorie-Original.jpg\" alt=\"Oeuvre originale\" width=\"0\" height=\"0\" \/>\t\t<h2 class=\"woocommerce-loop-category__title\">\n\t\t\tOeuvre originale <mark class=\"count\">(50)<\/mark>\t\t<\/h2>\n\t\t<\/a><\/li>\n<li class=\"product-category product\">\n\t<a aria-label=\"Acc\u00e9der \u00e0 la cat\u00e9gorie de produits L&#039;IMAGINARIUM oeuvre originale\" href=\"https:\/\/pictur-al-art.fr\/?product_cat=limaginarium-oeuvre-originale\"><img decoding=\"async\" src=\"https:\/\/pictur-al-art.fr\/wp-content\/uploads\/woocommerce-placeholder.png\" alt=\"L&#039;IMAGINARIUM oeuvre originale\" width=\"0\" height=\"0\" \/>\t\t<h2 class=\"woocommerce-loop-category__title\">\n\t\t\tL&#039;IMAGINARIUM oeuvre originale <mark class=\"count\">(34)<\/mark>\t\t<\/h2>\n\t\t<\/a><\/li>\n<li class=\"product-category product\">\n\t<a aria-label=\"Acc\u00e9der \u00e0 la cat\u00e9gorie de produits L&#039;IMAGINARIUM Fine art print\" href=\"https:\/\/pictur-al-art.fr\/?product_cat=limaginarium-fine-art-print\"><img loading=\"lazy\" decoding=\"async\" src=\"https:\/\/pictur-al-art.fr\/wp-content\/uploads\/woocommerce-placeholder.png\" alt=\"L&#039;IMAGINARIUM Fine art print\" width=\"0\" height=\"0\" \/>\t\t<h2 class=\"woocommerce-loop-category__title\">\n\t\t\tL&#039;IMAGINARIUM Fine art print <mark class=\"count\">(34)<\/mark>\t\t<\/h2>\n\t\t<\/a><\/li>\n<li class=\"product-category product last\">\n\t<a aria-label=\"Acc\u00e9der \u00e0 la cat\u00e9gorie de produits Goodies\" href=\"https:\/\/pictur-al-art.fr\/?product_cat=goodies\"><img loading=\"lazy\" decoding=\"async\" src=\"https:\/\/pictur-al-art.fr\/wp-content\/uploads\/woocommerce-placeholder.png\" alt=\"Goodies\" width=\"0\" height=\"0\" \/>\t\t<h2 class=\"woocommerce-loop-category__title\">\n\t\t\tGoodies <mark class=\"count\">(9)<\/mark>\t\t<\/h2>\n\t\t<\/a><\/li>\n<\/ul>\n<\/div>\t\t\t\t<\/div>\n\t\t\t\t<\/div>\n\t\t\t\t\t<\/div>\n\t\t\t\t<\/div>\n\t\t\t\t<\/div>\n\t\t","protected":false},"excerpt":{"rendered":"","protected":false},"author":1,"featured_media":0,"parent":0,"menu_order":0,"comment_status":"closed","ping_status":"closed","template":"","meta":{"footnotes":""},"class_list":["post-3172","page","type-page","status-publish","hentry"],"_links":{"self":[{"href":"https:\/\/pictur-al-art.fr\/index.php?rest_route=\/wp\/v2\/pages\/3172","targetHints":{"allow":["GET"]}}],"collection":[{"href":"https:\/\/pictur-al-art.fr\/index.php?rest_route=\/wp\/v2\/pages"}],"about":[{"href":"https:\/\/pictur-al-art.fr\/index.php?rest_route=\/wp\/v2\/types\/page"}],"author":[{"embeddable":true,"href":"https:\/\/pictur-al-art.fr\/index.php?rest_route=\/wp\/v2\/users\/1"}],"replies":[{"embeddable":true,"href":"https:\/\/pictur-al-art.fr\/index.php?rest_route=%2Fwp%2Fv2%2Fcomments&post=3172"}],"version-history":[{"count":23,"href":"https:\/\/pictur-al-art.fr\/index.php?rest_route=\/wp\/v2\/pages\/3172\/revisions"}],"predecessor-version":[{"id":5754,"href":"https:\/\/pictur-al-art.fr\/index.php?rest_route=\/wp\/v2\/pages\/3172\/revisions\/5754"}],"wp:attachment":[{"href":"https:\/\/pictur-al-art.fr\/index.php?rest_route=%2Fwp%2Fv2%2Fmedia&parent=3172"}],"curies":[{"name":"wp","href":"https:\/\/api.w.org\/{rel}","templated":true}]}}