{"id":4283,"date":"2024-08-10T11:32:48","date_gmt":"2024-08-10T10:32:48","guid":{"rendered":"https:\/\/pictur-al-art.fr\/?page_id=4283"},"modified":"2024-09-06T10:03:29","modified_gmt":"2024-09-06T09:03:29","slug":"presentation","status":"publish","type":"page","link":"https:\/\/pictur-al-art.fr\/?page_id=4283","title":{"rendered":"Pr\u00e9sentation"},"content":{"rendered":"\t\t<div data-elementor-type=\"wp-page\" data-elementor-id=\"4283\" class=\"elementor elementor-4283\" data-elementor-post-type=\"page\">\n\t\t\t\t<div class=\"elementor-element elementor-element-12e5308 e-con-full e-flex e-con e-parent\" data-id=\"12e5308\" data-element_type=\"container\" data-e-type=\"container\">\n\t\t\t\t<div class=\"elementor-element elementor-element-ed5eb2c elementor-widget elementor-widget-image\" data-id=\"ed5eb2c\" data-element_type=\"widget\" data-e-type=\"widget\" data-widget_type=\"image.default\">\n\t\t\t\t<div class=\"elementor-widget-container\">\n\t\t\t\t\t\t\t\t\t\t\t\t\t\t\t<img fetchpriority=\"high\" decoding=\"async\" width=\"1920\" height=\"680\" src=\"https:\/\/pictur-al-art.fr\/wp-content\/uploads\/2024\/08\/Tetiere-1920x680-Presentation-1.jpg\" class=\"attachment-full size-full wp-image-4685\" alt=\"Audrey Landais - Pictur-al\" \/>\t\t\t\t\t\t\t\t\t\t\t\t\t\t\t<\/div>\n\t\t\t\t<\/div>\n\t\t\t\t<div class=\"elementor-element elementor-element-39ad311 elementor-widget elementor-widget-spacer\" data-id=\"39ad311\" data-element_type=\"widget\" data-e-type=\"widget\" data-widget_type=\"spacer.default\">\n\t\t\t\t<div class=\"elementor-widget-container\">\n\t\t\t\t\t\t\t<div class=\"elementor-spacer\">\n\t\t\t<div class=\"elementor-spacer-inner\"><\/div>\n\t\t<\/div>\n\t\t\t\t\t\t<\/div>\n\t\t\t\t<\/div>\n\t\t\t\t<\/div>\n\t\t<div class=\"elementor-element elementor-element-8069d2b e-flex e-con-boxed e-con e-parent\" data-id=\"8069d2b\" data-element_type=\"container\" data-e-type=\"container\">\n\t\t\t\t\t<div class=\"e-con-inner\">\n\t\t<div class=\"elementor-element elementor-element-f4d4458 e-con-full e-flex e-con e-child\" data-id=\"f4d4458\" data-element_type=\"container\" data-e-type=\"container\">\n\t\t\t\t<div class=\"elementor-element elementor-element-cc274d6 elementor-widget elementor-widget-image\" data-id=\"cc274d6\" data-element_type=\"widget\" data-e-type=\"widget\" data-widget_type=\"image.default\">\n\t\t\t\t<div class=\"elementor-widget-container\">\n\t\t\t\t\t\t\t\t\t\t\t\t\t\t\t<img decoding=\"async\" width=\"800\" height=\"600\" src=\"https:\/\/pictur-al-art.fr\/wp-content\/uploads\/2024\/09\/image_50736897-2-scaled.jpg\" class=\"attachment-large size-large wp-image-4768\" alt=\"Audrey Landais - Pictur-al\" \/>\t\t\t\t\t\t\t\t\t\t\t\t\t\t\t<\/div>\n\t\t\t\t<\/div>\n\t\t\t\t<\/div>\n\t\t<div class=\"elementor-element elementor-element-0b9bc36 e-con-full e-flex e-con e-child\" data-id=\"0b9bc36\" data-element_type=\"container\" data-e-type=\"container\">\n\t\t\t\t<div class=\"elementor-element elementor-element-e83d053 elementor-widget elementor-widget-text-editor\" data-id=\"e83d053\" data-element_type=\"widget\" data-e-type=\"widget\" data-widget_type=\"text-editor.default\">\n\t\t\t\t<div class=\"elementor-widget-container\">\n\t\t\t\t\t\t\t\t\t<p style=\"font-weight: 400;\">Enfant des ann\u00e9es 80, j\u2019ai grandi en cultivant la passion de la Pop-culture.<\/p><p style=\"font-weight: 400;\">Pass\u00e9e par une \u00e9cole d\u2019art et graphiste de profession, je d\u00e9veloppe aujourd\u2019hui ces 2 branches artistiques.<\/p><p style=\"font-weight: 400;\">Apr\u00e8s avoir longtemps dessin\u00e9 les ic\u00f4nes de la Pop-culture, j\u2019ai d\u00e9cid\u00e9 de passer \u00e0 la cr\u00e9ation pure en illustrant l\u2019univers que j\u2019aime, po\u00e9tique, onirique \u00e9trange ou effrayant. Mes r\u00e9f\u00e9rences vont de Poe \u00e0 King, en passant par Tim Burton ou Jules Vernes.<\/p>\t\t\t\t\t\t\t\t<\/div>\n\t\t\t\t<\/div>\n\t\t\t\t<\/div>\n\t\t\t\t\t<\/div>\n\t\t\t\t<\/div>\n\t\t\t\t<\/div>\n\t\t","protected":false},"excerpt":{"rendered":"<p>Enfant des ann\u00e9es 80, j\u2019ai grandi en cultivant la passion de la Pop-culture. Pass\u00e9e par une \u00e9cole d\u2019art et graphiste de profession, je d\u00e9veloppe aujourd\u2019hui ces 2 branches artistiques. Apr\u00e8s avoir longtemps dessin\u00e9 les ic\u00f4nes de la Pop-culture, j\u2019ai d\u00e9cid\u00e9 de passer \u00e0 la cr\u00e9ation pure en illustrant l\u2019univers que j\u2019aime, po\u00e9tique, onirique \u00e9trange ou [&hellip;]<\/p>\n","protected":false},"author":1,"featured_media":0,"parent":0,"menu_order":0,"comment_status":"closed","ping_status":"closed","template":"","meta":{"footnotes":""},"class_list":["post-4283","page","type-page","status-publish","hentry"],"_links":{"self":[{"href":"https:\/\/pictur-al-art.fr\/index.php?rest_route=\/wp\/v2\/pages\/4283","targetHints":{"allow":["GET"]}}],"collection":[{"href":"https:\/\/pictur-al-art.fr\/index.php?rest_route=\/wp\/v2\/pages"}],"about":[{"href":"https:\/\/pictur-al-art.fr\/index.php?rest_route=\/wp\/v2\/types\/page"}],"author":[{"embeddable":true,"href":"https:\/\/pictur-al-art.fr\/index.php?rest_route=\/wp\/v2\/users\/1"}],"replies":[{"embeddable":true,"href":"https:\/\/pictur-al-art.fr\/index.php?rest_route=%2Fwp%2Fv2%2Fcomments&post=4283"}],"version-history":[{"count":37,"href":"https:\/\/pictur-al-art.fr\/index.php?rest_route=\/wp\/v2\/pages\/4283\/revisions"}],"predecessor-version":[{"id":4771,"href":"https:\/\/pictur-al-art.fr\/index.php?rest_route=\/wp\/v2\/pages\/4283\/revisions\/4771"}],"wp:attachment":[{"href":"https:\/\/pictur-al-art.fr\/index.php?rest_route=%2Fwp%2Fv2%2Fmedia&parent=4283"}],"curies":[{"name":"wp","href":"https:\/\/api.w.org\/{rel}","templated":true}]}}