{"id":4908,"date":"2024-11-03T12:28:49","date_gmt":"2024-11-03T11:28:49","guid":{"rendered":"https:\/\/pictur-al-art.fr\/?page_id=4908"},"modified":"2026-03-06T09:10:52","modified_gmt":"2026-03-06T08:10:52","slug":"goodies","status":"publish","type":"page","link":"https:\/\/pictur-al-art.fr\/?page_id=4908","title":{"rendered":"Livre, goodies"},"content":{"rendered":"\t\t<div data-elementor-type=\"wp-page\" data-elementor-id=\"4908\" class=\"elementor elementor-4908\" data-elementor-post-type=\"page\">\n\t\t\t\t<div class=\"elementor-element elementor-element-422d183 e-flex e-con-boxed e-con e-parent\" data-id=\"422d183\" data-element_type=\"container\" data-e-type=\"container\">\n\t\t\t\t\t<div class=\"e-con-inner\">\n\t\t\t\t<div class=\"elementor-element elementor-element-af271cb elementor-widget elementor-widget-image\" data-id=\"af271cb\" data-element_type=\"widget\" data-e-type=\"widget\" data-widget_type=\"image.default\">\n\t\t\t\t<div class=\"elementor-widget-container\">\n\t\t\t\t\t\t\t\t\t\t\t\t\t\t\t<img fetchpriority=\"high\" decoding=\"async\" width=\"1920\" height=\"360\" src=\"https:\/\/pictur-al-art.fr\/wp-content\/uploads\/2025\/02\/Tetiere-1920x360-LivreGoodies.jpg\" class=\"attachment-full size-full wp-image-5621\" alt=\"Pictur-al-art livre goodies\" \/>\t\t\t\t\t\t\t\t\t\t\t\t\t\t\t<\/div>\n\t\t\t\t<\/div>\n\t\t\t\t\t<\/div>\n\t\t\t\t<\/div>\n\t\t<div class=\"elementor-element elementor-element-ff6c264 e-flex e-con-boxed e-con e-parent\" data-id=\"ff6c264\" data-element_type=\"container\" data-e-type=\"container\">\n\t\t\t\t\t<div class=\"e-con-inner\">\n\t\t\t\t<div class=\"elementor-element elementor-element-fd9957e elementor-widget elementor-widget-spacer\" data-id=\"fd9957e\" data-element_type=\"widget\" data-e-type=\"widget\" data-widget_type=\"spacer.default\">\n\t\t\t\t<div class=\"elementor-widget-container\">\n\t\t\t\t\t\t\t<div class=\"elementor-spacer\">\n\t\t\t<div class=\"elementor-spacer-inner\"><\/div>\n\t\t<\/div>\n\t\t\t\t\t\t<\/div>\n\t\t\t\t<\/div>\n\t\t\t\t\t<\/div>\n\t\t\t\t<\/div>\n\t\t<div class=\"elementor-element elementor-element-fa978bb e-flex e-con-boxed e-con e-parent\" data-id=\"fa978bb\" data-element_type=\"container\" data-e-type=\"container\">\n\t\t\t\t\t<div class=\"e-con-inner\">\n\t\t\t\t<div class=\"elementor-element elementor-element-9535a56 elementor-grid-5 elementor-grid-tablet-3 elementor-grid-mobile-2 elementor-products-grid elementor-wc-products elementor-show-pagination-border-yes elementor-widget elementor-widget-woocommerce-products\" data-id=\"9535a56\" data-element_type=\"widget\" data-e-type=\"widget\" data-widget_type=\"woocommerce-products.default\">\n\t\t\t\t<div class=\"elementor-widget-container\">\n\t\t\t\t\t<div class=\"woocommerce columns-5 \"><div class=\"woocommerce-notices-wrapper\"><\/div><form class=\"woocommerce-ordering\" method=\"get\">\n\t\t<select\n\t\tname=\"orderby\"\n\t\tclass=\"orderby\"\n\t\t\t\t\taria-label=\"Commande\"\n\t\t\t>\n\t\t\t\t\t<option value=\"menu_order\"  selected='selected'>Tri par d\u00e9faut<\/option>\n\t\t\t\t\t<option value=\"popularity\" >Tri par popularit\u00e9<\/option>\n\t\t\t\t\t<option value=\"rating\" >Tri par notes moyennes<\/option>\n\t\t\t\t\t<option value=\"date\" >Tri du plus r\u00e9cent au plus ancien<\/option>\n\t\t\t\t\t<option value=\"price\" >Tri par tarif croissant<\/option>\n\t\t\t\t\t<option value=\"price-desc\" >Tri par tarif d\u00e9croissant<\/option>\n\t\t\t<\/select>\n\t<input type=\"hidden\" name=\"paged\" value=\"1\" \/>\n\t<input type=\"hidden\" name=\"rest_route\" value=\"\/wp\/v2\/pages\/4908\" \/><\/form>\n<ul class=\"products elementor-grid columns-5\">\n<li class=\"product type-product post-5817 status-publish first instock product_cat-goodies product_cat-non-classe has-post-thumbnail shipping-taxable purchasable product-type-simple\">\n\t<a href=\"https:\/\/pictur-al-art.fr\/?product=livre-limaginarium\" class=\"woocommerce-LoopProduct-link woocommerce-loop-product__link\"><img decoding=\"async\" width=\"2500\" height=\"1800\" src=\"https:\/\/pictur-al-art.fr\/wp-content\/uploads\/2025\/02\/Book_Mockup_01.jpg\" class=\"attachment-woocommerce_thumbnail size-woocommerce_thumbnail\" alt=\"Livre d\u2019art L\u2019IMAGINARIUM illustrations pictur-al, textes Jethro Bare\" \/><h2 class=\"woocommerce-loop-product__title\">1- Livre L&rsquo;Imaginarium<\/h2>\n\t<span class=\"price\"><span class=\"woocommerce-Price-amount amount\"><bdi>35.00<span class=\"woocommerce-Price-currencySymbol\">&euro;<\/span><\/bdi><\/span><\/span>\n<\/a><a href=\"\/index.php?rest_route=%2Fwp%2Fv2%2Fpages%2F4908&#038;add-to-cart=5817\" aria-describedby=\"woocommerce_loop_add_to_cart_link_describedby_5817\" data-quantity=\"1\" class=\"button product_type_simple add_to_cart_button ajax_add_to_cart\" data-product_id=\"5817\" data-product_sku=\"\" aria-label=\"Ajouter au panier\u00a0: &ldquo;1- Livre L&#039;Imaginarium&rdquo;\" rel=\"nofollow\" data-success_message=\"\u00ab\u00a01- Livre L&#039;Imaginarium\u00a0\u00bb a \u00e9t\u00e9 ajout\u00e9 \u00e0 votre panier\" role=\"button\">Ajouter au panier<\/a>\t<span id=\"woocommerce_loop_add_to_cart_link_describedby_5817\" class=\"screen-reader-text\">\n\t\t\t<\/span>\n<\/li>\n<li class=\"product type-product post-5847 status-publish instock product_cat-goodies has-post-thumbnail shipping-taxable purchasable product-type-simple\">\n\t<a href=\"https:\/\/pictur-al-art.fr\/?product=1-stephen-king\" class=\"woocommerce-LoopProduct-link woocommerce-loop-product__link\"><img decoding=\"async\" width=\"1024\" height=\"1371\" src=\"https:\/\/pictur-al-art.fr\/wp-content\/uploads\/2025\/05\/A5-KING.jpg\" class=\"attachment-woocommerce_thumbnail size-woocommerce_thumbnail\" alt=\"2- Stephen king\" \/><h2 class=\"woocommerce-loop-product__title\">2- Stephen king<\/h2>\n\t<span class=\"price\"><span class=\"woocommerce-Price-amount amount\"><bdi>15.00<span class=\"woocommerce-Price-currencySymbol\">&euro;<\/span><\/bdi><\/span><\/span>\n<\/a><a href=\"\/index.php?rest_route=%2Fwp%2Fv2%2Fpages%2F4908&#038;add-to-cart=5847\" aria-describedby=\"woocommerce_loop_add_to_cart_link_describedby_5847\" data-quantity=\"1\" class=\"button product_type_simple add_to_cart_button ajax_add_to_cart\" data-product_id=\"5847\" data-product_sku=\"\" aria-label=\"Ajouter au panier\u00a0: &ldquo;2- Stephen king&rdquo;\" rel=\"nofollow\" data-success_message=\"\u00ab\u00a02- Stephen king\u00a0\u00bb a \u00e9t\u00e9 ajout\u00e9 \u00e0 votre panier\" role=\"button\">Ajouter au panier<\/a>\t<span id=\"woocommerce_loop_add_to_cart_link_describedby_5847\" class=\"screen-reader-text\">\n\t\t\t<\/span>\n<\/li>\n<li class=\"product type-product post-5848 status-publish instock product_cat-goodies has-post-thumbnail shipping-taxable purchasable product-type-simple\">\n\t<a href=\"https:\/\/pictur-al-art.fr\/?product=2-beetlejuice-mercredi\" class=\"woocommerce-LoopProduct-link woocommerce-loop-product__link\"><img loading=\"lazy\" decoding=\"async\" width=\"1024\" height=\"1371\" src=\"https:\/\/pictur-al-art.fr\/wp-content\/uploads\/2025\/05\/A5-BEETLEJUICE.jpg\" class=\"attachment-woocommerce_thumbnail size-woocommerce_thumbnail\" alt=\"3- Beetlejuice\/Mercredi\" \/><h2 class=\"woocommerce-loop-product__title\">3- Beetlejuice\/Mercredi<\/h2>\n\t<span class=\"price\"><span class=\"woocommerce-Price-amount amount\"><bdi>15.00<span class=\"woocommerce-Price-currencySymbol\">&euro;<\/span><\/bdi><\/span><\/span>\n<\/a><a href=\"\/index.php?rest_route=%2Fwp%2Fv2%2Fpages%2F4908&#038;add-to-cart=5848\" aria-describedby=\"woocommerce_loop_add_to_cart_link_describedby_5848\" data-quantity=\"1\" class=\"button product_type_simple add_to_cart_button ajax_add_to_cart\" data-product_id=\"5848\" data-product_sku=\"\" aria-label=\"Ajouter au panier\u00a0: &ldquo;3- Beetlejuice\/Mercredi&rdquo;\" rel=\"nofollow\" data-success_message=\"\u00ab\u00a03- Beetlejuice\/Mercredi\u00a0\u00bb a \u00e9t\u00e9 ajout\u00e9 \u00e0 votre panier\" role=\"button\">Ajouter au panier<\/a>\t<span id=\"woocommerce_loop_add_to_cart_link_describedby_5848\" class=\"screen-reader-text\">\n\t\t\t<\/span>\n<\/li>\n<li class=\"product type-product post-5850 status-publish instock product_cat-goodies has-post-thumbnail shipping-taxable purchasable product-type-simple\">\n\t<a href=\"https:\/\/pictur-al-art.fr\/?product=3-innocence-element-perturbateur\" class=\"woocommerce-LoopProduct-link woocommerce-loop-product__link\"><img loading=\"lazy\" decoding=\"async\" width=\"1024\" height=\"1371\" src=\"https:\/\/pictur-al-art.fr\/wp-content\/uploads\/2025\/05\/A5-ELEMENT.jpg\" class=\"attachment-woocommerce_thumbnail size-woocommerce_thumbnail\" alt=\"4- Innocence\/Element perturbateur\" \/><h2 class=\"woocommerce-loop-product__title\">4- Innocence\/Element perturbateur<\/h2>\n\t<span class=\"price\"><span class=\"woocommerce-Price-amount amount\"><bdi>15.00<span class=\"woocommerce-Price-currencySymbol\">&euro;<\/span><\/bdi><\/span><\/span>\n<\/a><a href=\"\/index.php?rest_route=%2Fwp%2Fv2%2Fpages%2F4908&#038;add-to-cart=5850\" aria-describedby=\"woocommerce_loop_add_to_cart_link_describedby_5850\" data-quantity=\"1\" class=\"button product_type_simple add_to_cart_button ajax_add_to_cart\" data-product_id=\"5850\" data-product_sku=\"\" aria-label=\"Ajouter au panier\u00a0: &ldquo;4- Innocence\/Element perturbateur&rdquo;\" rel=\"nofollow\" data-success_message=\"\u00ab\u00a04- Innocence\/Element perturbateur\u00a0\u00bb a \u00e9t\u00e9 ajout\u00e9 \u00e0 votre panier\" role=\"button\">Ajouter au panier<\/a>\t<span id=\"woocommerce_loop_add_to_cart_link_describedby_5850\" class=\"screen-reader-text\">\n\t\t\t<\/span>\n<\/li>\n<li class=\"product type-product post-5851 status-publish last instock product_cat-goodies has-post-thumbnail shipping-taxable purchasable product-type-simple\">\n\t<a href=\"https:\/\/pictur-al-art.fr\/?product=4-servitude-decharge-mentale\" class=\"woocommerce-LoopProduct-link woocommerce-loop-product__link\"><img loading=\"lazy\" decoding=\"async\" width=\"1024\" height=\"1371\" src=\"https:\/\/pictur-al-art.fr\/wp-content\/uploads\/2025\/05\/A5-ASIATE.jpg\" class=\"attachment-woocommerce_thumbnail size-woocommerce_thumbnail\" alt=\"5- Servitude\/(D\u00e9)charge mentale\" \/><h2 class=\"woocommerce-loop-product__title\">5- Servitude\/(D\u00e9)charge mentale<\/h2>\n\t<span class=\"price\"><span class=\"woocommerce-Price-amount amount\"><bdi>15.00<span class=\"woocommerce-Price-currencySymbol\">&euro;<\/span><\/bdi><\/span><\/span>\n<\/a><a href=\"\/index.php?rest_route=%2Fwp%2Fv2%2Fpages%2F4908&#038;add-to-cart=5851\" aria-describedby=\"woocommerce_loop_add_to_cart_link_describedby_5851\" data-quantity=\"1\" class=\"button product_type_simple add_to_cart_button ajax_add_to_cart\" data-product_id=\"5851\" data-product_sku=\"\" aria-label=\"Ajouter au panier\u00a0: &ldquo;5- Servitude\/(D\u00e9)charge mentale&rdquo;\" rel=\"nofollow\" data-success_message=\"\u00ab\u00a05- Servitude\/(D\u00e9)charge mentale\u00a0\u00bb a \u00e9t\u00e9 ajout\u00e9 \u00e0 votre panier\" role=\"button\">Ajouter au panier<\/a>\t<span id=\"woocommerce_loop_add_to_cart_link_describedby_5851\" class=\"screen-reader-text\">\n\t\t\t<\/span>\n<\/li>\n<li class=\"product type-product post-5852 status-publish first instock product_cat-goodies has-post-thumbnail shipping-taxable purchasable product-type-simple\">\n\t<a href=\"https:\/\/pictur-al-art.fr\/?product=5-scoobygangbusters-faille-temporelle\" class=\"woocommerce-LoopProduct-link woocommerce-loop-product__link\"><img loading=\"lazy\" decoding=\"async\" width=\"1024\" height=\"1371\" src=\"https:\/\/pictur-al-art.fr\/wp-content\/uploads\/2025\/05\/A5-SCOOBY.jpg\" class=\"attachment-woocommerce_thumbnail size-woocommerce_thumbnail\" alt=\"6- ScoobyGangBusters\/Faille temporelle\" \/><h2 class=\"woocommerce-loop-product__title\">6- ScoobyGangBusters\/Faille temporelle<\/h2>\n\t<span class=\"price\"><span class=\"woocommerce-Price-amount amount\"><bdi>15.00<span class=\"woocommerce-Price-currencySymbol\">&euro;<\/span><\/bdi><\/span><\/span>\n<\/a><a href=\"\/index.php?rest_route=%2Fwp%2Fv2%2Fpages%2F4908&#038;add-to-cart=5852\" aria-describedby=\"woocommerce_loop_add_to_cart_link_describedby_5852\" data-quantity=\"1\" class=\"button product_type_simple add_to_cart_button ajax_add_to_cart\" data-product_id=\"5852\" data-product_sku=\"\" aria-label=\"Ajouter au panier\u00a0: &ldquo;6- ScoobyGangBusters\/Faille temporelle&rdquo;\" rel=\"nofollow\" data-success_message=\"\u00ab\u00a06- ScoobyGangBusters\/Faille temporelle\u00a0\u00bb a \u00e9t\u00e9 ajout\u00e9 \u00e0 votre panier\" role=\"button\">Ajouter au panier<\/a>\t<span id=\"woocommerce_loop_add_to_cart_link_describedby_5852\" class=\"screen-reader-text\">\n\t\t\t<\/span>\n<\/li>\n<li class=\"product type-product post-5854 status-publish instock product_cat-goodies has-post-thumbnail shipping-taxable purchasable product-type-simple\">\n\t<a href=\"https:\/\/pictur-al-art.fr\/?product=6-silent-hill\" class=\"woocommerce-LoopProduct-link woocommerce-loop-product__link\"><img loading=\"lazy\" decoding=\"async\" width=\"1024\" height=\"1371\" src=\"https:\/\/pictur-al-art.fr\/wp-content\/uploads\/2025\/05\/A5-SILENT-HILL.jpg\" class=\"attachment-woocommerce_thumbnail size-woocommerce_thumbnail\" alt=\"7- Silent Hill\" \/><h2 class=\"woocommerce-loop-product__title\">7- Silent Hill<\/h2>\n\t<span class=\"price\"><span class=\"woocommerce-Price-amount amount\"><bdi>15.00<span class=\"woocommerce-Price-currencySymbol\">&euro;<\/span><\/bdi><\/span><\/span>\n<\/a><a href=\"\/index.php?rest_route=%2Fwp%2Fv2%2Fpages%2F4908&#038;add-to-cart=5854\" aria-describedby=\"woocommerce_loop_add_to_cart_link_describedby_5854\" data-quantity=\"1\" class=\"button product_type_simple add_to_cart_button ajax_add_to_cart\" data-product_id=\"5854\" data-product_sku=\"\" aria-label=\"Ajouter au panier\u00a0: &ldquo;7- Silent Hill&rdquo;\" rel=\"nofollow\" data-success_message=\"\u00ab\u00a07- Silent Hill\u00a0\u00bb a \u00e9t\u00e9 ajout\u00e9 \u00e0 votre panier\" role=\"button\">Ajouter au panier<\/a>\t<span id=\"woocommerce_loop_add_to_cart_link_describedby_5854\" class=\"screen-reader-text\">\n\t\t\t<\/span>\n<\/li>\n<li class=\"product type-product post-5855 status-publish instock product_cat-goodies has-post-thumbnail shipping-taxable purchasable product-type-simple\">\n\t<a href=\"https:\/\/pictur-al-art.fr\/?product=7-en-route-films-d-horreur\" class=\"woocommerce-LoopProduct-link woocommerce-loop-product__link\"><img loading=\"lazy\" decoding=\"async\" width=\"1024\" height=\"1371\" src=\"https:\/\/pictur-al-art.fr\/wp-content\/uploads\/2025\/05\/A5-TALFHO.jpg\" class=\"attachment-woocommerce_thumbnail size-woocommerce_thumbnail\" alt=\"8- En route\/Films d&#039;horreur\" \/><h2 class=\"woocommerce-loop-product__title\">8- En route\/Films d&rsquo;horreur<\/h2>\n\t<span class=\"price\"><span class=\"woocommerce-Price-amount amount\"><bdi>15.00<span class=\"woocommerce-Price-currencySymbol\">&euro;<\/span><\/bdi><\/span><\/span>\n<\/a><a href=\"\/index.php?rest_route=%2Fwp%2Fv2%2Fpages%2F4908&#038;add-to-cart=5855\" aria-describedby=\"woocommerce_loop_add_to_cart_link_describedby_5855\" data-quantity=\"1\" class=\"button product_type_simple add_to_cart_button ajax_add_to_cart\" data-product_id=\"5855\" data-product_sku=\"\" aria-label=\"Ajouter au panier\u00a0: &ldquo;8- En route\/Films d&#039;horreur&rdquo;\" rel=\"nofollow\" data-success_message=\"\u00ab\u00a08- En route\/Films d&#039;horreur\u00a0\u00bb a \u00e9t\u00e9 ajout\u00e9 \u00e0 votre panier\" role=\"button\">Ajouter au panier<\/a>\t<span id=\"woocommerce_loop_add_to_cart_link_describedby_5855\" class=\"screen-reader-text\">\n\t\t\t<\/span>\n<\/li>\n<li class=\"product type-product post-6440 status-publish instock product_cat-goodies has-post-thumbnail shipping-taxable purchasable product-type-simple\">\n\t<a href=\"https:\/\/pictur-al-art.fr\/?product=calendrier-2026\" class=\"woocommerce-LoopProduct-link woocommerce-loop-product__link\"><img loading=\"lazy\" decoding=\"async\" width=\"1024\" height=\"1630\" src=\"https:\/\/pictur-al-art.fr\/wp-content\/uploads\/2025\/12\/1024x1630-Calendrier6.jpg\" class=\"attachment-woocommerce_thumbnail size-woocommerce_thumbnail\" alt=\"Calendrier 2026\" \/><h2 class=\"woocommerce-loop-product__title\">Calendrier 2026<\/h2>\n\t<span class=\"price\"><span class=\"woocommerce-Price-amount amount\"><bdi>25.00<span class=\"woocommerce-Price-currencySymbol\">&euro;<\/span><\/bdi><\/span><\/span>\n<\/a><a href=\"\/index.php?rest_route=%2Fwp%2Fv2%2Fpages%2F4908&#038;add-to-cart=6440\" aria-describedby=\"woocommerce_loop_add_to_cart_link_describedby_6440\" data-quantity=\"1\" class=\"button product_type_simple add_to_cart_button ajax_add_to_cart\" data-product_id=\"6440\" data-product_sku=\"\" aria-label=\"Ajouter au panier\u00a0: &ldquo;Calendrier 2026&rdquo;\" rel=\"nofollow\" data-success_message=\"\u00ab\u00a0Calendrier 2026\u00a0\u00bb a \u00e9t\u00e9 ajout\u00e9 \u00e0 votre panier\" role=\"button\">Ajouter au panier<\/a>\t<span id=\"woocommerce_loop_add_to_cart_link_describedby_6440\" class=\"screen-reader-text\">\n\t\t\t<\/span>\n<\/li>\n<\/ul>\n<\/div>\t\t\t\t<\/div>\n\t\t\t\t<\/div>\n\t\t\t\t\t<\/div>\n\t\t\t\t<\/div>\n\t\t\t\t<\/div>\n\t\t","protected":false},"excerpt":{"rendered":"","protected":false},"author":1,"featured_media":0,"parent":3172,"menu_order":7,"comment_status":"closed","ping_status":"closed","template":"","meta":{"footnotes":""},"class_list":["post-4908","page","type-page","status-publish","hentry"],"_links":{"self":[{"href":"https:\/\/pictur-al-art.fr\/index.php?rest_route=\/wp\/v2\/pages\/4908","targetHints":{"allow":["GET"]}}],"collection":[{"href":"https:\/\/pictur-al-art.fr\/index.php?rest_route=\/wp\/v2\/pages"}],"about":[{"href":"https:\/\/pictur-al-art.fr\/index.php?rest_route=\/wp\/v2\/types\/page"}],"author":[{"embeddable":true,"href":"https:\/\/pictur-al-art.fr\/index.php?rest_route=\/wp\/v2\/users\/1"}],"replies":[{"embeddable":true,"href":"https:\/\/pictur-al-art.fr\/index.php?rest_route=%2Fwp%2Fv2%2Fcomments&post=4908"}],"version-history":[{"count":21,"href":"https:\/\/pictur-al-art.fr\/index.php?rest_route=\/wp\/v2\/pages\/4908\/revisions"}],"predecessor-version":[{"id":6074,"href":"https:\/\/pictur-al-art.fr\/index.php?rest_route=\/wp\/v2\/pages\/4908\/revisions\/6074"}],"up":[{"embeddable":true,"href":"https:\/\/pictur-al-art.fr\/index.php?rest_route=\/wp\/v2\/pages\/3172"}],"wp:attachment":[{"href":"https:\/\/pictur-al-art.fr\/index.php?rest_route=%2Fwp%2Fv2%2Fmedia&parent=4908"}],"curies":[{"name":"wp","href":"https:\/\/api.w.org\/{rel}","templated":true}]}}