{"id":5864,"date":"2025-05-28T09:08:23","date_gmt":"2025-05-28T08:08:23","guid":{"rendered":"https:\/\/pictur-al-art.fr\/?post_type=product&#038;p=5864"},"modified":"2026-03-03T10:45:11","modified_gmt":"2026-03-03T09:45:11","slug":"le-coeur-pique-2","status":"publish","type":"product","link":"https:\/\/pictur-al-art.fr\/?product=le-coeur-pique-2","title":{"rendered":"Le C\u0153ur Piqu\u00e9"},"content":{"rendered":"<p><b>Le C\u0153ur Piqu\u00e9 &#8211; <em>Pictur-al<\/em><br \/>\nFine Art<\/b><\/p>\n<p>21&#215;29,7 cm ou 30&#215;40 cm<\/p>\n<p>Reproduction sur papier blanc pur, texture aquarelle mate.<br \/>\nBlanc pur I 310 g\/m2 I texture<\/p>\n<p>Tous nos prix sont hors frais de port<\/p>\n","protected":false},"excerpt":{"rendered":"<p><b>Le C\u0153ur Piqu\u00e9 &#8211; <em>Pictur-al<\/em><br \/>\nFine Art<\/b><\/p>\n<p>21&#215;29,7 cm ou 30&#215;40 cm<\/p>\n<p>Reproduction sur papier blanc pur, texture aquarelle mate.<\/p>\n","protected":false},"featured_media":5863,"comment_status":"closed","ping_status":"closed","template":"","meta":[],"product_brand":[],"product_cat":[99],"product_tag":[],"class_list":{"0":"post-5864","1":"product","2":"type-product","3":"status-publish","4":"has-post-thumbnail","6":"product_cat-fine-art-print","7":"product_shipping_class-print","9":"first","10":"instock","11":"shipping-taxable","12":"purchasable","13":"product-type-variable"},"_links":{"self":[{"href":"https:\/\/pictur-al-art.fr\/index.php?rest_route=\/wp\/v2\/product\/5864","targetHints":{"allow":["GET"]}}],"collection":[{"href":"https:\/\/pictur-al-art.fr\/index.php?rest_route=\/wp\/v2\/product"}],"about":[{"href":"https:\/\/pictur-al-art.fr\/index.php?rest_route=\/wp\/v2\/types\/product"}],"replies":[{"embeddable":true,"href":"https:\/\/pictur-al-art.fr\/index.php?rest_route=%2Fwp%2Fv2%2Fcomments&post=5864"}],"version-history":[{"count":1,"href":"https:\/\/pictur-al-art.fr\/index.php?rest_route=\/wp\/v2\/product\/5864\/revisions"}],"predecessor-version":[{"id":6567,"href":"https:\/\/pictur-al-art.fr\/index.php?rest_route=\/wp\/v2\/product\/5864\/revisions\/6567"}],"wp:featuredmedia":[{"embeddable":true,"href":"https:\/\/pictur-al-art.fr\/index.php?rest_route=\/wp\/v2\/media\/5863"}],"wp:attachment":[{"href":"https:\/\/pictur-al-art.fr\/index.php?rest_route=%2Fwp%2Fv2%2Fmedia&parent=5864"}],"wp:term":[{"taxonomy":"product_brand","embeddable":true,"href":"https:\/\/pictur-al-art.fr\/index.php?rest_route=%2Fwp%2Fv2%2Fproduct_brand&post=5864"},{"taxonomy":"product_cat","embeddable":true,"href":"https:\/\/pictur-al-art.fr\/index.php?rest_route=%2Fwp%2Fv2%2Fproduct_cat&post=5864"},{"taxonomy":"product_tag","embeddable":true,"href":"https:\/\/pictur-al-art.fr\/index.php?rest_route=%2Fwp%2Fv2%2Fproduct_tag&post=5864"}],"curies":[{"name":"wp","href":"https:\/\/api.w.org\/{rel}","templated":true}]}}